{"id":85,"date":"2024-10-29T19:24:18","date_gmt":"2024-10-29T18:24:18","guid":{"rendered":"https:\/\/www.christwohin.com\/foerderstiftung\/?page_id=85"},"modified":"2025-01-13T19:18:30","modified_gmt":"2025-01-13T18:18:30","slug":"impressum","status":"publish","type":"page","link":"https:\/\/www.christwohin.com\/foerderstiftung\/index.php\/impressum\/","title":{"rendered":"Impressum"},"content":{"rendered":"\n<p>Der Inhalt dieser Website wird regelm\u00e4ssig auf Richtigkeit und Aktualit\u00e4t \u00fcberpr\u00fcft. Es kann aber dennoch sein, dass auf diesen Seiten publizierte Links oder Informationen nicht mehr aktuell sind und deshalb nicht mehr zum gew\u00fcnschten Ziel f\u00fchren.<\/p>\n\n\n\n<p>Wir \u00fcbernehmen keine Verantwortung f\u00fcr Seiteninhalte im Internet die \u00fcber Weblinks oder Newsfeeds von unseren Seiten aus aufgerufen wurden.<\/p>\n\n\n\n<h3 class=\"wp-block-heading\">Herausgeber:<\/h3>\n\n\n\n<p>Stiftung zur F\u00f6rderung der &#8218;Stiftung Christ Wohin?&#8216;, Pfarrer Edmin Stier<\/p>\n\n\n\n<p><a href=\"https:\/\/www.shab.ch\/shabforms\/servlet\/Search?DOCID=1005356815\" target=\"_blank\" rel=\"noreferrer noopener\">Handelsregistereintrag<\/a><\/p>\n","protected":false},"excerpt":{"rendered":"<p>Der Inhalt dieser Website wird regelm\u00e4ssig auf Richtigkeit und Aktualit\u00e4t \u00fcberpr\u00fcft. Es kann aber dennoch sein, dass auf diesen Seiten publizierte Links oder Informationen nicht mehr aktuell sind und deshalb nicht mehr zum gew\u00fcnschten&#46;&#46;&#46;<\/p>\n","protected":false},"author":1,"featured_media":0,"parent":0,"menu_order":0,"comment_status":"closed","ping_status":"closed","template":"","meta":{"footnotes":""},"class_list":["post-85","page","type-page","status-publish","hentry"],"_links":{"self":[{"href":"https:\/\/www.christwohin.com\/foerderstiftung\/index.php\/wp-json\/wp\/v2\/pages\/85"}],"collection":[{"href":"https:\/\/www.christwohin.com\/foerderstiftung\/index.php\/wp-json\/wp\/v2\/pages"}],"about":[{"href":"https:\/\/www.christwohin.com\/foerderstiftung\/index.php\/wp-json\/wp\/v2\/types\/page"}],"author":[{"embeddable":true,"href":"https:\/\/www.christwohin.com\/foerderstiftung\/index.php\/wp-json\/wp\/v2\/users\/1"}],"replies":[{"embeddable":true,"href":"https:\/\/www.christwohin.com\/foerderstiftung\/index.php\/wp-json\/wp\/v2\/comments?post=85"}],"version-history":[{"count":6,"href":"https:\/\/www.christwohin.com\/foerderstiftung\/index.php\/wp-json\/wp\/v2\/pages\/85\/revisions"}],"predecessor-version":[{"id":214,"href":"https:\/\/www.christwohin.com\/foerderstiftung\/index.php\/wp-json\/wp\/v2\/pages\/85\/revisions\/214"}],"wp:attachment":[{"href":"https:\/\/www.christwohin.com\/foerderstiftung\/index.php\/wp-json\/wp\/v2\/media?parent=85"}],"curies":[{"name":"wp","href":"https:\/\/api.w.org\/{rel}","templated":true}]}}