{"id":2,"date":"2016-02-19T21:16:02","date_gmt":"2016-02-19T20:16:02","guid":{"rendered":"http:\/\/www.christwohin.com\/christwohin\/wp\/?page_id=2"},"modified":"2024-04-02T16:38:34","modified_gmt":"2024-04-02T14:38:34","slug":"beispiel-seite","status":"publish","type":"page","link":"https:\/\/www.christwohin.com\/index.php\/beispiel-seite\/","title":{"rendered":"Unsere Gemeinschaft"},"content":{"rendered":"<p>\u201eChrist wohin?\u201c ist eine junge geistliche Gemeinschaft innerhalb der r\u00f6misch katholischen Kirche.<\/p>\n<p>Oktober 1980 wurde die Exerzitiengemeinschaft in Klingenzell (TG) \u00f6ffentlich gegr\u00fcndet. Die Exerzitien wurden in der Jungwachth\u00fctte und der Wallfahrtskirche durchgef\u00fchrt und ein Kreuzweg durch den Wald unterhalb der Kapelle errichtet.<\/p>\n<p>Nach mehrj\u00e4hriger kirchlicher Pr\u00fcfung hat die Exerzitiengemeinschaft 1993 die bisch\u00f6fliche Guthei\u00dfung und Empfehlung erhalten und ist im Stillen, ganz auf die g\u00f6ttliche Vorsehung vertrauend, immer weiter gewachsen.<\/p>\n<p><a href=\"http:\/\/www.christwohin.com\/wp-content\/uploads\/2016\/02\/Bischoefliche_Empfehlung.jpg\" target=\"_blank\" rel=\"attachment wp-att-167 noopener\"><img loading=\"lazy\" decoding=\"async\" class=\"alignleft wp-image-167 size-medium\" style=\"border: 1px solid #ccc;\" src=\"http:\/\/www.christwohin.com\/wp-content\/uploads\/2016\/02\/Bischoefliche_Empfehlung_-300x99.jpg\" alt=\"Bischoefliche_Empfehlung_\" width=\"300\" height=\"99\" srcset=\"https:\/\/www.christwohin.com\/wp-content\/uploads\/2016\/02\/Bischoefliche_Empfehlung_-300x99.jpg 300w, https:\/\/www.christwohin.com\/wp-content\/uploads\/2016\/02\/Bischoefliche_Empfehlung_-250x82.jpg 250w, https:\/\/www.christwohin.com\/wp-content\/uploads\/2016\/02\/Bischoefliche_Empfehlung_-150x49.jpg 150w, https:\/\/www.christwohin.com\/wp-content\/uploads\/2016\/02\/Bischoefliche_Empfehlung_.jpg 700w\" sizes=\"(max-width: 300px) 100vw, 300px\" \/><\/a><\/p>\n<p>1996 konnte die zur Gemeinschaft geh\u00f6rige Stiftung ein Ausstellungsgeb\u00e4ude mit dazugeh\u00f6rigem Gel\u00e4nde und einer Lagerhalle in CH-Altnau (TG) erwerben. Das Ausstellungsgeb\u00e4ude wurde in aller Einfachheit in ein Exerzitienhaus mit Matratzenlager umgestaltet. Im Untergeschoss wurde eine Hauskapelle eingerichtet. Diese wurde 1997 im Auftrag von Dr. Kurt Koch, Bischof der Di\u00f6zese Basel, von Regionaldekan Dr. Erich H\u00e4ring eingeweiht. Seither finden die sonnt\u00e4gliche Eucharistiefeier sowie Werktagsgottesdienste, Andachten, monatliche Exerzitien sowie Vortr\u00e4ge, Tagungen, Eine-Welt-Bazare uvm. im Exerzitienhaus statt.<\/p>\n<p>Die Spiritualit\u00e4t der Bewegung \u00a0gr\u00fcndet auf dem Geist der f\u00fcnf Tugenden, die im Buch \u201eChrist wohin?&#8220; der Gr\u00fcnderin Maria von Moos und ihres geistlichen Begleiters Pfarrer Ernst Peterhans beschrieben sind.<\/p>\n<p><a href=\"http:\/\/www.christwohin.com\/wp-content\/uploads\/Vorstellung_Frau-von-Moos.pdf\">Informationsbrosch\u00fcre als PDF<\/a><\/p>\n","protected":false},"excerpt":{"rendered":"<p>\u201eChrist wohin?\u201c ist eine junge geistliche Gemeinschaft innerhalb der r\u00f6misch katholischen Kirche. Oktober 1980 wurde die Exerzitiengemeinschaft in Klingenzell (TG) \u00f6ffentlich gegr\u00fcndet. Die Exerzitien wurden in&#46;&#46;&#46;<\/p>\n","protected":false},"author":1,"featured_media":0,"parent":0,"menu_order":0,"comment_status":"closed","ping_status":"open","template":"","meta":{"inline_featured_image":false,"footnotes":""},"class_list":["post-2","page","type-page","status-publish","hentry"],"_links":{"self":[{"href":"https:\/\/www.christwohin.com\/index.php\/wp-json\/wp\/v2\/pages\/2"}],"collection":[{"href":"https:\/\/www.christwohin.com\/index.php\/wp-json\/wp\/v2\/pages"}],"about":[{"href":"https:\/\/www.christwohin.com\/index.php\/wp-json\/wp\/v2\/types\/page"}],"author":[{"embeddable":true,"href":"https:\/\/www.christwohin.com\/index.php\/wp-json\/wp\/v2\/users\/1"}],"replies":[{"embeddable":true,"href":"https:\/\/www.christwohin.com\/index.php\/wp-json\/wp\/v2\/comments?post=2"}],"version-history":[{"count":23,"href":"https:\/\/www.christwohin.com\/index.php\/wp-json\/wp\/v2\/pages\/2\/revisions"}],"predecessor-version":[{"id":1711,"href":"https:\/\/www.christwohin.com\/index.php\/wp-json\/wp\/v2\/pages\/2\/revisions\/1711"}],"wp:attachment":[{"href":"https:\/\/www.christwohin.com\/index.php\/wp-json\/wp\/v2\/media?parent=2"}],"curies":[{"name":"wp","href":"https:\/\/api.w.org\/{rel}","templated":true}]}}