{"id":2344,"date":"2025-01-08T15:03:10","date_gmt":"2025-01-08T14:03:10","guid":{"rendered":"https:\/\/www.christwohin.com\/?page_id=2344"},"modified":"2026-03-24T17:50:02","modified_gmt":"2026-03-24T16:50:02","slug":"termine-2","status":"publish","type":"page","link":"https:\/\/www.christwohin.com\/index.php\/termine-2\/","title":{"rendered":"Termine"},"content":{"rendered":"\n<p><strong>Die Termine im Jahr 2026 (vorl\u00e4ufig):<\/strong><\/p>\n\n\n\n<ul class=\"wp-block-list\">\n<li>29.03.2026: Palmsonntagstagung, 14.00 Uhr bis 15.30 Uhr: Bu\u00dfandacht mit Palmsonntagsliturgie, anschliessend gem\u00fctliches Beisammensein im Exerzitienhaus<\/li>\n\n\n\n<li>02.04.2026: Gr\u00fcndonnerstag: Abendmahlmesse 21:30 Uhr mit anschliessender Anbetung bis 1:00 Uhr und M\u00f6glichkeit zur \u00dcbernachtung<\/li>\n\n\n\n<li>03.04.2026: Karfreitag: 8:30 Uhr Laudes in der Kapelle, danach Fr\u00fchst\u00fcck, Kreuzweg in Klingenzell 11:15 Uhr<\/li>\n\n\n\n<li>04.04.2026: Osternacht Auferstehungsfeier 19:00 Uhr, 18:55 Uhr Osterfeuer vor der Kapelle<\/li>\n\n\n\n<li>06.04.2026: Ostermontag: 12:30 Uhr Eucharistiefeier mit anschliessendem Apero<\/li>\n\n\n\n<li>13.-17.05.2026: Assisi-Wallfahrt<\/li>\n\n\n\n<li>02.-08.08.2026: Lourdesreise<\/li>\n\n\n\n<li>15.11.2026: Gedenkgottesdienst f\u00fcr Maria von Moos<\/li>\n\n\n\n<li>13.12.2026: Weihnachtstagung ab 14 Uhr<\/li>\n\n\n\n<li>24.12.2026: Heiligabend Christmette 19:00 Uhr<\/li>\n<\/ul>\n","protected":false},"excerpt":{"rendered":"<p>Die Termine im Jahr 2026 (vorl\u00e4ufig):<\/p>\n","protected":false},"author":1,"featured_media":0,"parent":0,"menu_order":0,"comment_status":"closed","ping_status":"closed","template":"","meta":{"inline_featured_image":false,"footnotes":""},"class_list":["post-2344","page","type-page","status-publish","hentry"],"_links":{"self":[{"href":"https:\/\/www.christwohin.com\/index.php\/wp-json\/wp\/v2\/pages\/2344"}],"collection":[{"href":"https:\/\/www.christwohin.com\/index.php\/wp-json\/wp\/v2\/pages"}],"about":[{"href":"https:\/\/www.christwohin.com\/index.php\/wp-json\/wp\/v2\/types\/page"}],"author":[{"embeddable":true,"href":"https:\/\/www.christwohin.com\/index.php\/wp-json\/wp\/v2\/users\/1"}],"replies":[{"embeddable":true,"href":"https:\/\/www.christwohin.com\/index.php\/wp-json\/wp\/v2\/comments?post=2344"}],"version-history":[{"count":12,"href":"https:\/\/www.christwohin.com\/index.php\/wp-json\/wp\/v2\/pages\/2344\/revisions"}],"predecessor-version":[{"id":3049,"href":"https:\/\/www.christwohin.com\/index.php\/wp-json\/wp\/v2\/pages\/2344\/revisions\/3049"}],"wp:attachment":[{"href":"https:\/\/www.christwohin.com\/index.php\/wp-json\/wp\/v2\/media?parent=2344"}],"curies":[{"name":"wp","href":"https:\/\/api.w.org\/{rel}","templated":true}]}}