{"id":2429,"date":"2025-02-23T16:16:32","date_gmt":"2025-02-23T15:16:32","guid":{"rendered":"https:\/\/www.christwohin.com\/?page_id=2429"},"modified":"2025-02-23T19:24:26","modified_gmt":"2025-02-23T18:24:26","slug":"bau-des-neuen-exerzitienhauses","status":"publish","type":"page","link":"https:\/\/www.christwohin.com\/index.php\/bau-des-neuen-exerzitienhauses\/","title":{"rendered":"Bau des neuen Exerzitienhauses"},"content":{"rendered":"\n<h4 class=\"wp-block-heading\">2006<\/h4>\n\n\n\n<p>In der ersten Bausitzung am 06.03.2006 wird diskutiert, ob das bestehende Exerzitienhaus oder die Lagerhalle umgebaut werden sollen. Da die Kapelle zum Hl. Kreuz als Krypta aber unbedingt erhalten bleiben soll ist schnell klar, dass eine Erweiterung als Kirche nur im alten Exerzitienhaus entstehen kann und das alte Lagergeb\u00e4ude den Grundstock f\u00fcr das neue Exerzitienhaus bilden wird. Viele der Ideen f\u00fcr die beiden Geb\u00e4ude formuliert Maria von Moos bereits in dieser Sitzung, andere entwickeln sich in der Diskussion mit Pfarrer Peterhans, Pfarrer Stier, Hans und den Stiftungsr\u00e4ten. Aus dem Protokoll vom 06.03.2006, hei\u00dft es sinngem\u00e4ss von Maria von Moos: Es soll auf Gottes Vorsehung aufgebaut werden. Wenn nur mit normalen Gegebenheiten gerechnet wird, braucht nicht angefangen zu werden. Gott hat gesagt, bau den Stall auch ohne Geld.<\/p>\n\n\n\n<figure class=\"wp-block-gallery has-nested-images columns-default is-cropped wp-block-gallery-1 is-layout-flex wp-block-gallery-is-layout-flex\">\n<figure class=\"wp-block-image size-large\"><img loading=\"lazy\" decoding=\"async\" width=\"1024\" height=\"683\" data-id=\"2454\" src=\"https:\/\/www.christwohin.com\/wp-content\/uploads\/2025\/02\/IMG_2730-1024x683.jpg\" alt=\"\" class=\"wp-image-2454\" srcset=\"https:\/\/www.christwohin.com\/wp-content\/uploads\/2025\/02\/IMG_2730-1024x683.jpg 1024w, https:\/\/www.christwohin.com\/wp-content\/uploads\/2025\/02\/IMG_2730-300x200.jpg 300w, https:\/\/www.christwohin.com\/wp-content\/uploads\/2025\/02\/IMG_2730-768x512.jpg 768w, https:\/\/www.christwohin.com\/wp-content\/uploads\/2025\/02\/IMG_2730-1536x1024.jpg 1536w, https:\/\/www.christwohin.com\/wp-content\/uploads\/2025\/02\/IMG_2730-2048x1365.jpg 2048w\" sizes=\"(max-width: 1024px) 100vw, 1024px\" \/><\/figure>\n\n\n\n<figure class=\"wp-block-image size-large\"><img loading=\"lazy\" decoding=\"async\" width=\"1024\" height=\"683\" data-id=\"2455\" src=\"https:\/\/www.christwohin.com\/wp-content\/uploads\/2025\/02\/IMG_2733-1024x683.jpg\" alt=\"\" class=\"wp-image-2455\" srcset=\"https:\/\/www.christwohin.com\/wp-content\/uploads\/2025\/02\/IMG_2733-1024x683.jpg 1024w, https:\/\/www.christwohin.com\/wp-content\/uploads\/2025\/02\/IMG_2733-300x200.jpg 300w, https:\/\/www.christwohin.com\/wp-content\/uploads\/2025\/02\/IMG_2733-768x512.jpg 768w, https:\/\/www.christwohin.com\/wp-content\/uploads\/2025\/02\/IMG_2733-1536x1024.jpg 1536w, https:\/\/www.christwohin.com\/wp-content\/uploads\/2025\/02\/IMG_2733-2048x1365.jpg 2048w\" sizes=\"(max-width: 1024px) 100vw, 1024px\" \/><\/figure>\n<\/figure>\n\n\n\n<h4 class=\"wp-block-heading\">2008\/2009<\/h4>\n\n\n\n<p>Es beginnen vertiefte Planungen mit Besprechungen in Altnau und im Pfarrhaus in Dei\u00dflingen. Zur Definition des Raumprogramms wird diskutiert, welche Nutzungen sp\u00e4ter einmal gebraucht werden. Prinzipiell soll es ein Tagungshaus f\u00fcr Bussexerzitien und Wallfahrer werden. Es soll keine separate Vermietung an fremde Gruppen geben, sondern es sollen haupts\u00e4chlich junge Menschen im Gebet und im Glauben unterst\u00fctzt werden. Ausserdem soll es Ferienappartements f\u00fcr Familien geben, ein 2-geteilter Speisesaal, um gleichzeitig Exerzitienteilnehmer und Wallfahrer verk\u00f6stigen zu k\u00f6nnen, B\u00fcros f\u00fcr Beratung und Verwaltung und 60-70 einfache Schlafkabinen. Es wird gepr\u00fcft, ob im Geb\u00e4ude eine Tiefgarage integriert werden kann (Idee wird aus Platzgr\u00fcnden verworfen) und eine kleine Wohnung f\u00fcr den Nachtportier oder den Pfarrer. Die bestehende Halle ist etwas l\u00e4nger, als es das Baureglement heute erlauben w\u00fcrde, daher konzentriert sich die Planung in Abkl\u00e4rung mit der Bauverwaltung darauf, m\u00f6glichst innerhalb der vorhandenen Geb\u00e4udekubatur zu bleiben. Ausserdem soll das Geb\u00e4ude auf Marias Wunsch etwas von einem Stall bekommen, daher sollen die alten Holzbinder aus der Halle wiederverwendet werden. Gleichzeitig erinnern die Binder auch an einen umgedrehten Schiffsbauch. Wichtig ist Maria von Moos die grosse Verglasung des Saals zum See mit Terrasse, wie ein Wintergarten. Am liebsten h\u00e4tte sie die Fenster so bauen lassen, dass sie im Boden h\u00e4tten versenkt werden k\u00f6nnen. Da diese Variante technisch sehr aufw\u00e4ndig ist, haben wir uns f\u00fcr grosse Schiebefenster entschieden und Balkongel\u00e4nder aus Glas, damit nichts die Sicht auf den See verdeckt. Bei der letzten Sitzung vor der Baueingabe konzentriert sich Maria und gibt bekannt, dass das Geb\u00e4ude so gebaut werden soll.<\/p>\n\n\n\n<h4 class=\"wp-block-heading\">2011<\/h4>\n\n\n\n<p>Pf. Edwin Stier sucht mit den Nachbarn das Gespr\u00e4ch und stellt ihnen das Bauvorhaben vor. Die Baubewilligung wird ohne Einspruch erteilt.<\/p>\n\n\n\n<h4 class=\"wp-block-heading\">2012<\/h4>\n\n\n\n<p>Die alte Halle wird ausger\u00e4umt, die Statik des Hallenbodens wird gepr\u00fcft.<\/p>\n\n\n\n<figure class=\"wp-block-gallery has-nested-images columns-default is-cropped wp-block-gallery-2 is-layout-flex wp-block-gallery-is-layout-flex\">\n<figure class=\"wp-block-image size-large\"><img loading=\"lazy\" decoding=\"async\" width=\"453\" height=\"340\" data-id=\"2430\" src=\"https:\/\/www.christwohin.com\/wp-content\/uploads\/2025\/02\/01.jpg\" alt=\"\" class=\"wp-image-2430\" srcset=\"https:\/\/www.christwohin.com\/wp-content\/uploads\/2025\/02\/01.jpg 453w, https:\/\/www.christwohin.com\/wp-content\/uploads\/2025\/02\/01-300x225.jpg 300w\" sizes=\"(max-width: 453px) 100vw, 453px\" \/><\/figure>\n\n\n\n<figure class=\"wp-block-image size-large\"><img loading=\"lazy\" decoding=\"async\" width=\"1024\" height=\"768\" data-id=\"2432\" src=\"https:\/\/www.christwohin.com\/wp-content\/uploads\/2025\/02\/03-1024x768.jpg\" alt=\"\" class=\"wp-image-2432\" srcset=\"https:\/\/www.christwohin.com\/wp-content\/uploads\/2025\/02\/03-1024x768.jpg 1024w, https:\/\/www.christwohin.com\/wp-content\/uploads\/2025\/02\/03-300x225.jpg 300w, https:\/\/www.christwohin.com\/wp-content\/uploads\/2025\/02\/03-768x576.jpg 768w, https:\/\/www.christwohin.com\/wp-content\/uploads\/2025\/02\/03.jpg 1384w\" sizes=\"(max-width: 1024px) 100vw, 1024px\" \/><\/figure>\n\n\n\n<figure class=\"wp-block-image size-large\"><img loading=\"lazy\" decoding=\"async\" width=\"453\" height=\"340\" data-id=\"2431\" src=\"https:\/\/www.christwohin.com\/wp-content\/uploads\/2025\/02\/02.jpg\" alt=\"\" class=\"wp-image-2431\" srcset=\"https:\/\/www.christwohin.com\/wp-content\/uploads\/2025\/02\/02.jpg 453w, https:\/\/www.christwohin.com\/wp-content\/uploads\/2025\/02\/02-300x225.jpg 300w\" sizes=\"(max-width: 453px) 100vw, 453px\" \/><\/figure>\n<\/figure>\n\n\n\n<h4 class=\"wp-block-heading\">2015\/2016<\/h4>\n\n\n\n<p>Erste Bauetappe: Die alte Halle wird ausgeh\u00f6hlt. Die Fundamente werden verst\u00e4rkt, eine neue Bodenplatte wird gegossen, Grundleitungen werden verlegt und es erfolgt eine Geb\u00e4udeabdichtung als weisse Wanne.<\/p>\n\n\n\n<figure class=\"wp-block-gallery has-nested-images columns-default is-cropped wp-block-gallery-3 is-layout-flex wp-block-gallery-is-layout-flex\">\n<figure class=\"wp-block-image size-large\"><img loading=\"lazy\" decoding=\"async\" width=\"1024\" height=\"579\" data-id=\"2435\" src=\"https:\/\/www.christwohin.com\/wp-content\/uploads\/2025\/02\/05-1024x579.jpg\" alt=\"\" class=\"wp-image-2435\" srcset=\"https:\/\/www.christwohin.com\/wp-content\/uploads\/2025\/02\/05-1024x579.jpg 1024w, https:\/\/www.christwohin.com\/wp-content\/uploads\/2025\/02\/05-300x170.jpg 300w, https:\/\/www.christwohin.com\/wp-content\/uploads\/2025\/02\/05-768x434.jpg 768w, https:\/\/www.christwohin.com\/wp-content\/uploads\/2025\/02\/05.jpg 1384w\" sizes=\"(max-width: 1024px) 100vw, 1024px\" \/><\/figure>\n\n\n\n<figure class=\"wp-block-image size-large\"><img loading=\"lazy\" decoding=\"async\" width=\"1024\" height=\"579\" data-id=\"2436\" src=\"https:\/\/www.christwohin.com\/wp-content\/uploads\/2025\/02\/06-1024x579.jpg\" alt=\"\" class=\"wp-image-2436\" srcset=\"https:\/\/www.christwohin.com\/wp-content\/uploads\/2025\/02\/06-1024x579.jpg 1024w, https:\/\/www.christwohin.com\/wp-content\/uploads\/2025\/02\/06-300x170.jpg 300w, https:\/\/www.christwohin.com\/wp-content\/uploads\/2025\/02\/06-768x434.jpg 768w, https:\/\/www.christwohin.com\/wp-content\/uploads\/2025\/02\/06.jpg 1384w\" sizes=\"(max-width: 1024px) 100vw, 1024px\" \/><\/figure>\n\n\n\n<figure class=\"wp-block-image size-large\"><img loading=\"lazy\" decoding=\"async\" width=\"1024\" height=\"579\" data-id=\"2437\" src=\"https:\/\/www.christwohin.com\/wp-content\/uploads\/2025\/02\/07-1024x579.jpg\" alt=\"\" class=\"wp-image-2437\" srcset=\"https:\/\/www.christwohin.com\/wp-content\/uploads\/2025\/02\/07-1024x579.jpg 1024w, https:\/\/www.christwohin.com\/wp-content\/uploads\/2025\/02\/07-300x170.jpg 300w, https:\/\/www.christwohin.com\/wp-content\/uploads\/2025\/02\/07-768x434.jpg 768w, https:\/\/www.christwohin.com\/wp-content\/uploads\/2025\/02\/07.jpg 1384w\" sizes=\"(max-width: 1024px) 100vw, 1024px\" \/><\/figure>\n<\/figure>\n\n\n\n<h4 class=\"wp-block-heading\"> 18.03.2016<\/h4>\n\n\n\n<p>Grundsteinlegung: In einem feierlichen Akt wird das Buch von Christ wohin? unter der Treppe auf der S\u00fcdseite des Geb\u00e4udes einbetoniert.<\/p>\n\n\n\n<figure class=\"wp-block-gallery has-nested-images columns-default is-cropped wp-block-gallery-4 is-layout-flex wp-block-gallery-is-layout-flex\">\n<figure class=\"wp-block-image size-large\"><img loading=\"lazy\" decoding=\"async\" width=\"1024\" height=\"683\" data-id=\"2452\" src=\"https:\/\/www.christwohin.com\/wp-content\/uploads\/2025\/02\/DSCF1115-Kopie-1024x683.jpg\" alt=\"\" class=\"wp-image-2452\" srcset=\"https:\/\/www.christwohin.com\/wp-content\/uploads\/2025\/02\/DSCF1115-Kopie-1024x683.jpg 1024w, https:\/\/www.christwohin.com\/wp-content\/uploads\/2025\/02\/DSCF1115-Kopie-300x200.jpg 300w, https:\/\/www.christwohin.com\/wp-content\/uploads\/2025\/02\/DSCF1115-Kopie-768x512.jpg 768w, https:\/\/www.christwohin.com\/wp-content\/uploads\/2025\/02\/DSCF1115-Kopie-1536x1024.jpg 1536w, https:\/\/www.christwohin.com\/wp-content\/uploads\/2025\/02\/DSCF1115-Kopie-2048x1365.jpg 2048w\" sizes=\"(max-width: 1024px) 100vw, 1024px\" \/><\/figure>\n\n\n\n<figure class=\"wp-block-image size-large\"><img loading=\"lazy\" decoding=\"async\" width=\"1024\" height=\"683\" data-id=\"2453\" src=\"https:\/\/www.christwohin.com\/wp-content\/uploads\/2025\/02\/DSCF1132-1024x683.jpg\" alt=\"\" class=\"wp-image-2453\" srcset=\"https:\/\/www.christwohin.com\/wp-content\/uploads\/2025\/02\/DSCF1132-1024x683.jpg 1024w, https:\/\/www.christwohin.com\/wp-content\/uploads\/2025\/02\/DSCF1132-300x200.jpg 300w, https:\/\/www.christwohin.com\/wp-content\/uploads\/2025\/02\/DSCF1132-768x512.jpg 768w, https:\/\/www.christwohin.com\/wp-content\/uploads\/2025\/02\/DSCF1132-1536x1024.jpg 1536w, https:\/\/www.christwohin.com\/wp-content\/uploads\/2025\/02\/DSCF1132-2048x1365.jpg 2048w\" sizes=\"(max-width: 1024px) 100vw, 1024px\" \/><\/figure>\n<\/figure>\n\n\n\n<h4 class=\"wp-block-heading\">Juni 2016<\/h4>\n\n\n\n<p>Die Halle wird einger\u00fcstet.<\/p>\n\n\n\n<figure class=\"wp-block-gallery has-nested-images columns-default is-cropped wp-block-gallery-5 is-layout-flex wp-block-gallery-is-layout-flex\">\n<figure class=\"wp-block-image size-large\"><img loading=\"lazy\" decoding=\"async\" width=\"1024\" height=\"579\" data-id=\"2438\" src=\"https:\/\/www.christwohin.com\/wp-content\/uploads\/2025\/02\/08-1024x579.jpg\" alt=\"\" class=\"wp-image-2438\" srcset=\"https:\/\/www.christwohin.com\/wp-content\/uploads\/2025\/02\/08-1024x579.jpg 1024w, https:\/\/www.christwohin.com\/wp-content\/uploads\/2025\/02\/08-300x170.jpg 300w, https:\/\/www.christwohin.com\/wp-content\/uploads\/2025\/02\/08-768x434.jpg 768w, https:\/\/www.christwohin.com\/wp-content\/uploads\/2025\/02\/08.jpg 1384w\" sizes=\"(max-width: 1024px) 100vw, 1024px\" \/><\/figure>\n\n\n\n<figure class=\"wp-block-image size-large\"><img loading=\"lazy\" decoding=\"async\" width=\"1024\" height=\"579\" data-id=\"2439\" src=\"https:\/\/www.christwohin.com\/wp-content\/uploads\/2025\/02\/09-1024x579.jpg\" alt=\"\" class=\"wp-image-2439\" srcset=\"https:\/\/www.christwohin.com\/wp-content\/uploads\/2025\/02\/09-1024x579.jpg 1024w, https:\/\/www.christwohin.com\/wp-content\/uploads\/2025\/02\/09-300x170.jpg 300w, https:\/\/www.christwohin.com\/wp-content\/uploads\/2025\/02\/09-768x434.jpg 768w, https:\/\/www.christwohin.com\/wp-content\/uploads\/2025\/02\/09.jpg 1384w\" sizes=\"(max-width: 1024px) 100vw, 1024px\" \/><\/figure>\n<\/figure>\n\n\n\n<p>In den regelm\u00e4ssigen Bausitzungen mit dem Stiftungsrat wird intensiv \u00fcber die Art der Ausstattung und die Erscheinung des Geb\u00e4udes diskutiert. Das Haus soll hell, langlebig und optisch zeitlos sein. Alles f\u00fcgt sich zueinander und man merkt, wie Maria von Moos den Prozess inspiriert und begleitet. Es soll dunkle Fensterrahmen und rote Dachziegel geben, damit das Haus modern und trotzdem einladend wirkt. Es werden helle Eichent\u00f6ne und Platten in Natursteinoptik ausgew\u00e4hlt. Der Bodenbelag vom Saal fliesst nach aussen auf die Terrasse, um den Saal optisch noch grossz\u00fcgiger zu machen. Die verputzte Fassade des Exerzitienhauses ist farblich von Maria von Moos\u2019 Wohnhaus in Romanshorn inspiriert.<\/p>\n\n\n\n<h4 class=\"wp-block-heading\">Februar 2016 bis Dezember 2017<\/h4>\n\n\n\n<p>Zweite Bauetappe: Das Geb\u00e4ude wird aufgerichtet, die Aussenh\u00fclle wird erstellt.<\/p>\n\n\n\n<figure class=\"wp-block-gallery has-nested-images columns-default is-cropped wp-block-gallery-6 is-layout-flex wp-block-gallery-is-layout-flex\">\n<figure class=\"wp-block-image size-large\"><img loading=\"lazy\" decoding=\"async\" width=\"1024\" height=\"576\" data-id=\"2440\" src=\"https:\/\/www.christwohin.com\/wp-content\/uploads\/2025\/02\/10-1024x576.jpg\" alt=\"\" class=\"wp-image-2440\" srcset=\"https:\/\/www.christwohin.com\/wp-content\/uploads\/2025\/02\/10-1024x576.jpg 1024w, https:\/\/www.christwohin.com\/wp-content\/uploads\/2025\/02\/10-300x169.jpg 300w, https:\/\/www.christwohin.com\/wp-content\/uploads\/2025\/02\/10-768x432.jpg 768w, https:\/\/www.christwohin.com\/wp-content\/uploads\/2025\/02\/10.jpg 1384w\" sizes=\"(max-width: 1024px) 100vw, 1024px\" \/><\/figure>\n\n\n\n<figure class=\"wp-block-image size-large\"><img loading=\"lazy\" decoding=\"async\" width=\"1024\" height=\"576\" data-id=\"2441\" src=\"https:\/\/www.christwohin.com\/wp-content\/uploads\/2025\/02\/11-1024x576.jpg\" alt=\"\" class=\"wp-image-2441\" srcset=\"https:\/\/www.christwohin.com\/wp-content\/uploads\/2025\/02\/11-1024x576.jpg 1024w, https:\/\/www.christwohin.com\/wp-content\/uploads\/2025\/02\/11-300x169.jpg 300w, https:\/\/www.christwohin.com\/wp-content\/uploads\/2025\/02\/11-768x432.jpg 768w, https:\/\/www.christwohin.com\/wp-content\/uploads\/2025\/02\/11.jpg 1384w\" sizes=\"(max-width: 1024px) 100vw, 1024px\" \/><\/figure>\n<\/figure>\n\n\n\n<h4 class=\"wp-block-heading\">20.09.2017<\/h4>\n\n\n\n<p>Es wird mit den Handwerkern das Aufrichtfest gefeiert.<\/p>\n\n\n\n<figure class=\"wp-block-gallery has-nested-images columns-default is-cropped wp-block-gallery-7 is-layout-flex wp-block-gallery-is-layout-flex\">\n<figure class=\"wp-block-image size-large\"><img loading=\"lazy\" decoding=\"async\" width=\"1024\" height=\"768\" data-id=\"2442\" src=\"https:\/\/www.christwohin.com\/wp-content\/uploads\/2025\/02\/12-1024x768.jpg\" alt=\"\" class=\"wp-image-2442\" srcset=\"https:\/\/www.christwohin.com\/wp-content\/uploads\/2025\/02\/12-1024x768.jpg 1024w, https:\/\/www.christwohin.com\/wp-content\/uploads\/2025\/02\/12-300x225.jpg 300w, https:\/\/www.christwohin.com\/wp-content\/uploads\/2025\/02\/12-768x576.jpg 768w, https:\/\/www.christwohin.com\/wp-content\/uploads\/2025\/02\/12.jpg 1384w\" sizes=\"(max-width: 1024px) 100vw, 1024px\" \/><\/figure>\n\n\n\n<figure class=\"wp-block-image size-large\"><img loading=\"lazy\" decoding=\"async\" width=\"1024\" height=\"768\" data-id=\"2443\" src=\"https:\/\/www.christwohin.com\/wp-content\/uploads\/2025\/02\/13-1024x768.jpg\" alt=\"\" class=\"wp-image-2443\" srcset=\"https:\/\/www.christwohin.com\/wp-content\/uploads\/2025\/02\/13-1024x768.jpg 1024w, https:\/\/www.christwohin.com\/wp-content\/uploads\/2025\/02\/13-300x225.jpg 300w, https:\/\/www.christwohin.com\/wp-content\/uploads\/2025\/02\/13-768x576.jpg 768w, https:\/\/www.christwohin.com\/wp-content\/uploads\/2025\/02\/13.jpg 1384w\" sizes=\"(max-width: 1024px) 100vw, 1024px\" \/><\/figure>\n\n\n\n<figure class=\"wp-block-image size-large\"><img loading=\"lazy\" decoding=\"async\" width=\"1024\" height=\"768\" data-id=\"2444\" src=\"https:\/\/www.christwohin.com\/wp-content\/uploads\/2025\/02\/15-1024x768.jpg\" alt=\"\" class=\"wp-image-2444\" srcset=\"https:\/\/www.christwohin.com\/wp-content\/uploads\/2025\/02\/15-1024x768.jpg 1024w, https:\/\/www.christwohin.com\/wp-content\/uploads\/2025\/02\/15-300x225.jpg 300w, https:\/\/www.christwohin.com\/wp-content\/uploads\/2025\/02\/15-768x576.jpg 768w, https:\/\/www.christwohin.com\/wp-content\/uploads\/2025\/02\/15.jpg 1384w\" sizes=\"(max-width: 1024px) 100vw, 1024px\" \/><\/figure>\n<\/figure>\n\n\n\n<h4 class=\"wp-block-heading\">02.10.2017<\/h4>\n\n\n\n<p>Es wird ein Fest f\u00fcr die Spender gefeiert.<\/p>\n\n\n\n<h4 class=\"wp-block-heading\">Mai 2018 bis Dezember 2019<\/h4>\n\n\n\n<p>Die dritte Bauetappe: Der Innenausbau wird vorgenommen.<\/p>\n\n\n\n<figure class=\"wp-block-gallery has-nested-images columns-default is-cropped wp-block-gallery-8 is-layout-flex wp-block-gallery-is-layout-flex\">\n<figure class=\"wp-block-image size-large\"><img loading=\"lazy\" decoding=\"async\" width=\"1024\" height=\"683\" data-id=\"2458\" src=\"https:\/\/www.christwohin.com\/wp-content\/uploads\/2025\/02\/SIN_2946-1024x683.jpg\" alt=\"\" class=\"wp-image-2458\" srcset=\"https:\/\/www.christwohin.com\/wp-content\/uploads\/2025\/02\/SIN_2946-1024x683.jpg 1024w, https:\/\/www.christwohin.com\/wp-content\/uploads\/2025\/02\/SIN_2946-300x200.jpg 300w, https:\/\/www.christwohin.com\/wp-content\/uploads\/2025\/02\/SIN_2946-768x512.jpg 768w, https:\/\/www.christwohin.com\/wp-content\/uploads\/2025\/02\/SIN_2946-1536x1024.jpg 1536w, https:\/\/www.christwohin.com\/wp-content\/uploads\/2025\/02\/SIN_2946-2048x1365.jpg 2048w\" sizes=\"(max-width: 1024px) 100vw, 1024px\" \/><\/figure>\n\n\n\n<figure class=\"wp-block-image size-large\"><img loading=\"lazy\" decoding=\"async\" width=\"1024\" height=\"683\" data-id=\"2459\" src=\"https:\/\/www.christwohin.com\/wp-content\/uploads\/2025\/02\/SIN_2958-1024x683.jpg\" alt=\"\" class=\"wp-image-2459\" srcset=\"https:\/\/www.christwohin.com\/wp-content\/uploads\/2025\/02\/SIN_2958-1024x683.jpg 1024w, https:\/\/www.christwohin.com\/wp-content\/uploads\/2025\/02\/SIN_2958-300x200.jpg 300w, https:\/\/www.christwohin.com\/wp-content\/uploads\/2025\/02\/SIN_2958-768x512.jpg 768w, https:\/\/www.christwohin.com\/wp-content\/uploads\/2025\/02\/SIN_2958-1536x1024.jpg 1536w, https:\/\/www.christwohin.com\/wp-content\/uploads\/2025\/02\/SIN_2958-2048x1365.jpg 2048w\" sizes=\"(max-width: 1024px) 100vw, 1024px\" \/><\/figure>\n<\/figure>\n\n\n\n<h4 class=\"wp-block-heading\">19. September 2021 <\/h4>\n\n\n\n<p>Das neue Exerzitienhaus wird eingeweiht.<\/p>\n\n\n\n<h4 class=\"wp-block-heading\">Fr\u00fchjahr 2020 bis 2024<\/h4>\n\n\n\n<p>Ausstattung und Fertigstellung des Geb\u00e4udes<\/p>\n\n\n\n<figure class=\"wp-block-gallery has-nested-images columns-default is-cropped wp-block-gallery-9 is-layout-flex wp-block-gallery-is-layout-flex\">\n<figure class=\"wp-block-image size-large\"><img loading=\"lazy\" decoding=\"async\" width=\"1024\" height=\"683\" data-id=\"2461\" src=\"https:\/\/www.christwohin.com\/wp-content\/uploads\/2025\/02\/SIN_3009-1024x683.jpg\" alt=\"\" class=\"wp-image-2461\" srcset=\"https:\/\/www.christwohin.com\/wp-content\/uploads\/2025\/02\/SIN_3009-1024x683.jpg 1024w, https:\/\/www.christwohin.com\/wp-content\/uploads\/2025\/02\/SIN_3009-300x200.jpg 300w, https:\/\/www.christwohin.com\/wp-content\/uploads\/2025\/02\/SIN_3009-768x512.jpg 768w, https:\/\/www.christwohin.com\/wp-content\/uploads\/2025\/02\/SIN_3009-1536x1024.jpg 1536w, https:\/\/www.christwohin.com\/wp-content\/uploads\/2025\/02\/SIN_3009-2048x1365.jpg 2048w\" sizes=\"(max-width: 1024px) 100vw, 1024px\" \/><\/figure>\n\n\n\n<figure class=\"wp-block-image size-large\"><img loading=\"lazy\" decoding=\"async\" width=\"1024\" height=\"683\" data-id=\"2464\" src=\"https:\/\/www.christwohin.com\/wp-content\/uploads\/2025\/02\/SIN_3016-1024x683.jpg\" alt=\"\" class=\"wp-image-2464\" srcset=\"https:\/\/www.christwohin.com\/wp-content\/uploads\/2025\/02\/SIN_3016-1024x683.jpg 1024w, https:\/\/www.christwohin.com\/wp-content\/uploads\/2025\/02\/SIN_3016-300x200.jpg 300w, https:\/\/www.christwohin.com\/wp-content\/uploads\/2025\/02\/SIN_3016-768x512.jpg 768w, https:\/\/www.christwohin.com\/wp-content\/uploads\/2025\/02\/SIN_3016-1536x1024.jpg 1536w, https:\/\/www.christwohin.com\/wp-content\/uploads\/2025\/02\/SIN_3016-2048x1365.jpg 2048w\" sizes=\"(max-width: 1024px) 100vw, 1024px\" \/><\/figure>\n\n\n\n<figure class=\"wp-block-image size-large\"><img loading=\"lazy\" decoding=\"async\" width=\"1024\" height=\"683\" data-id=\"2462\" src=\"https:\/\/www.christwohin.com\/wp-content\/uploads\/2025\/02\/SIN_0872-1024x683.jpg\" alt=\"\" class=\"wp-image-2462\" srcset=\"https:\/\/www.christwohin.com\/wp-content\/uploads\/2025\/02\/SIN_0872-1024x683.jpg 1024w, https:\/\/www.christwohin.com\/wp-content\/uploads\/2025\/02\/SIN_0872-300x200.jpg 300w, https:\/\/www.christwohin.com\/wp-content\/uploads\/2025\/02\/SIN_0872-768x512.jpg 768w, https:\/\/www.christwohin.com\/wp-content\/uploads\/2025\/02\/SIN_0872-1536x1024.jpg 1536w, https:\/\/www.christwohin.com\/wp-content\/uploads\/2025\/02\/SIN_0872-2048x1365.jpg 2048w\" sizes=\"(max-width: 1024px) 100vw, 1024px\" \/><\/figure>\n\n\n\n<figure class=\"wp-block-image size-large\"><img loading=\"lazy\" decoding=\"async\" width=\"1024\" height=\"683\" data-id=\"2463\" src=\"https:\/\/www.christwohin.com\/wp-content\/uploads\/2025\/02\/SIN_0853-1024x683.jpg\" alt=\"\" class=\"wp-image-2463\" srcset=\"https:\/\/www.christwohin.com\/wp-content\/uploads\/2025\/02\/SIN_0853-1024x683.jpg 1024w, https:\/\/www.christwohin.com\/wp-content\/uploads\/2025\/02\/SIN_0853-300x200.jpg 300w, https:\/\/www.christwohin.com\/wp-content\/uploads\/2025\/02\/SIN_0853-768x512.jpg 768w, https:\/\/www.christwohin.com\/wp-content\/uploads\/2025\/02\/SIN_0853-1536x1024.jpg 1536w, https:\/\/www.christwohin.com\/wp-content\/uploads\/2025\/02\/SIN_0853-2048x1365.jpg 2048w\" sizes=\"(max-width: 1024px) 100vw, 1024px\" \/><\/figure>\n\n\n\n<figure class=\"wp-block-image size-large\"><img loading=\"lazy\" decoding=\"async\" width=\"1024\" height=\"683\" data-id=\"2465\" src=\"https:\/\/www.christwohin.com\/wp-content\/uploads\/2025\/02\/SIN_3014-1024x683.jpg\" alt=\"\" class=\"wp-image-2465\" srcset=\"https:\/\/www.christwohin.com\/wp-content\/uploads\/2025\/02\/SIN_3014-1024x683.jpg 1024w, https:\/\/www.christwohin.com\/wp-content\/uploads\/2025\/02\/SIN_3014-300x200.jpg 300w, https:\/\/www.christwohin.com\/wp-content\/uploads\/2025\/02\/SIN_3014-768x512.jpg 768w, https:\/\/www.christwohin.com\/wp-content\/uploads\/2025\/02\/SIN_3014-1536x1024.jpg 1536w, https:\/\/www.christwohin.com\/wp-content\/uploads\/2025\/02\/SIN_3014-2048x1365.jpg 2048w\" sizes=\"(max-width: 1024px) 100vw, 1024px\" \/><\/figure>\n<\/figure>\n","protected":false},"excerpt":{"rendered":"<p>2006 In der ersten Bausitzung am 06.03.2006 wird diskutiert, ob das bestehende Exerzitienhaus oder die Lagerhalle umgebaut werden sollen. Da die Kapelle zum Hl. Kreuz als&#46;&#46;&#46;<\/p>\n","protected":false},"author":1,"featured_media":0,"parent":0,"menu_order":0,"comment_status":"closed","ping_status":"closed","template":"","meta":{"inline_featured_image":false,"footnotes":""},"class_list":["post-2429","page","type-page","status-publish","hentry"],"_links":{"self":[{"href":"https:\/\/www.christwohin.com\/index.php\/wp-json\/wp\/v2\/pages\/2429"}],"collection":[{"href":"https:\/\/www.christwohin.com\/index.php\/wp-json\/wp\/v2\/pages"}],"about":[{"href":"https:\/\/www.christwohin.com\/index.php\/wp-json\/wp\/v2\/types\/page"}],"author":[{"embeddable":true,"href":"https:\/\/www.christwohin.com\/index.php\/wp-json\/wp\/v2\/users\/1"}],"replies":[{"embeddable":true,"href":"https:\/\/www.christwohin.com\/index.php\/wp-json\/wp\/v2\/comments?post=2429"}],"version-history":[{"count":7,"href":"https:\/\/www.christwohin.com\/index.php\/wp-json\/wp\/v2\/pages\/2429\/revisions"}],"predecessor-version":[{"id":2475,"href":"https:\/\/www.christwohin.com\/index.php\/wp-json\/wp\/v2\/pages\/2429\/revisions\/2475"}],"wp:attachment":[{"href":"https:\/\/www.christwohin.com\/index.php\/wp-json\/wp\/v2\/media?parent=2429"}],"curies":[{"name":"wp","href":"https:\/\/api.w.org\/{rel}","templated":true}]}}